{"id":11,"date":"2019-03-06T20:37:23","date_gmt":"2019-03-06T20:37:23","guid":{"rendered":"https:\/\/www.ozmartinko.sk\/?page_id=11"},"modified":"2026-01-12T15:26:13","modified_gmt":"2026-01-12T14:26:13","slug":"2-z-dane","status":"publish","type":"page","link":"https:\/\/www.ozmartinko.sk\/index.php\/ako-mozem-pomoct\/2-z-dane\/","title":{"rendered":"2% z dane"},"content":{"rendered":"\n<p>2% z dane viete pouk\u00e1za\u0165 na na\u0161u organiz\u00e1ciu. <\/p>\n\n\n\n<p><b>Postup pre pouk\u00e1zanie 2% z dan\u00ed najdete tu: <\/b><\/p>\n\n\n\n<div class=\"wp-block-file\"><a href=\"https:\/\/www.ozmartinko.sk\/wp-content\/uploads\/2026\/01\/Pokyny-pre-poukazanie-2-januar-2026.pdf\" class=\"wp-block-file__button\" download=\"\">Stiahnu\u0165<\/a><\/div>\n\n\n\n<p><b>Potvrdenie o zaplaten\u00ed dane:<\/b><\/p>\n\n\n\n<div class=\"wp-block-file\"><a href=\"https:\/\/www.ozmartinko.sk\/wp-content\/uploads\/2020\/02\/Potvrdenie-o-zaplaten\u00ed-dane-1.pdf\" class=\"wp-block-file__button\" download=\"\">Stiahnu\u0165<\/a><\/div>\n\n\n\n<p><b>Vyhl\u00e1senie o pouk\u00e1zan\u00ed podielu zaplatenej dane:<\/b><\/p>\n\n\n\n<div class=\"wp-block-group\"><div class=\"wp-block-group__inner-container is-layout-flow wp-block-group-is-layout-flow\">\n<div class=\"wp-block-file\"><a href=\"https:\/\/www.ozmartinko.sk\/wp-content\/uploads\/2026\/01\/OZ-MARTINKO-Vyhlasenie-za-rok-2025-nove-V2Pv25_V.pdf\" class=\"wp-block-file__button\" download=\"\">Stiahnu\u0165<\/a><\/div>\n<\/div><\/div>\n\n\n\n<p><\/p>\n","protected":false},"excerpt":{"rendered":"<p>2% z dane viete pouk\u00e1za\u0165 na na\u0161u organiz\u00e1ciu. Postup pre pouk\u00e1zanie 2% z dan\u00ed najdete tu: Stiahnu\u0165 Potvrdenie o zaplaten\u00ed dane: Stiahnu\u0165 Vyhl\u00e1senie o pouk\u00e1zan\u00ed [&hellip;]<\/p>\n","protected":false},"author":1,"featured_media":293,"parent":8,"menu_order":0,"comment_status":"closed","ping_status":"closed","template":"","meta":{"footnotes":""},"class_list":["post-11","page","type-page","status-publish","has-post-thumbnail","hentry"],"_links":{"self":[{"href":"https:\/\/www.ozmartinko.sk\/index.php\/wp-json\/wp\/v2\/pages\/11","targetHints":{"allow":["GET"]}}],"collection":[{"href":"https:\/\/www.ozmartinko.sk\/index.php\/wp-json\/wp\/v2\/pages"}],"about":[{"href":"https:\/\/www.ozmartinko.sk\/index.php\/wp-json\/wp\/v2\/types\/page"}],"author":[{"embeddable":true,"href":"https:\/\/www.ozmartinko.sk\/index.php\/wp-json\/wp\/v2\/users\/1"}],"replies":[{"embeddable":true,"href":"https:\/\/www.ozmartinko.sk\/index.php\/wp-json\/wp\/v2\/comments?post=11"}],"version-history":[{"count":33,"href":"https:\/\/www.ozmartinko.sk\/index.php\/wp-json\/wp\/v2\/pages\/11\/revisions"}],"predecessor-version":[{"id":8794,"href":"https:\/\/www.ozmartinko.sk\/index.php\/wp-json\/wp\/v2\/pages\/11\/revisions\/8794"}],"up":[{"embeddable":true,"href":"https:\/\/www.ozmartinko.sk\/index.php\/wp-json\/wp\/v2\/pages\/8"}],"wp:featuredmedia":[{"embeddable":true,"href":"https:\/\/www.ozmartinko.sk\/index.php\/wp-json\/wp\/v2\/media\/293"}],"wp:attachment":[{"href":"https:\/\/www.ozmartinko.sk\/index.php\/wp-json\/wp\/v2\/media?parent=11"}],"curies":[{"name":"wp","href":"https:\/\/api.w.org\/{rel}","templated":true}]}}