{"id":13,"date":"2019-03-06T20:38:19","date_gmt":"2019-03-06T20:38:19","guid":{"rendered":"https:\/\/www.ozmartinko.sk\/?page_id=13"},"modified":"2024-09-19T11:51:23","modified_gmt":"2024-09-19T10:51:23","slug":"financny-dar","status":"publish","type":"page","link":"https:\/\/www.ozmartinko.sk\/index.php\/ako-mozem-pomoct\/financny-dar\/","title":{"rendered":"Finan\u010dn\u00fd dar"},"content":{"rendered":"\n<p>Na\u0161e ob\u010dianske zdru\u017eenie viete podpori\u0165 pok\u00e1zan\u00edm <strong>podielu zaplatenej dane vo v\u00fd\u0161ke 2%, pr\u00edp. 3%<\/strong>.<\/p>\n\n\n\n<p>Jednor\u00e1zov\u00fd alebo pravideln\u00fd <strong>finan\u010dn\u00fd dar<\/strong> viete pouk\u00e1za\u0165 <strong>na n\u00e1\u0161 bankov\u00fd \u00fa\u010det<\/strong>.<\/p>\n\n\n\n<p>IBAN: SK5709000000005150424661<\/p>\n\n\n\n<p><\/p>\n\n\n\n<p><strong>\u010eAKUJEME&#8230;<\/strong><\/p>\n\n\n\n<p><\/p>\n","protected":false},"excerpt":{"rendered":"<p>Na\u0161e ob\u010dianske zdru\u017eenie viete podpori\u0165 pok\u00e1zan\u00edm podielu zaplatenej dane vo v\u00fd\u0161ke 2%, pr\u00edp. 3%. Jednor\u00e1zov\u00fd alebo pravideln\u00fd finan\u010dn\u00fd dar viete pouk\u00e1za\u0165 na n\u00e1\u0161 bankov\u00fd \u00fa\u010det. [&hellip;]<\/p>\n","protected":false},"author":1,"featured_media":293,"parent":8,"menu_order":0,"comment_status":"closed","ping_status":"closed","template":"","meta":{"footnotes":""},"class_list":["post-13","page","type-page","status-publish","has-post-thumbnail","hentry"],"_links":{"self":[{"href":"https:\/\/www.ozmartinko.sk\/index.php\/wp-json\/wp\/v2\/pages\/13","targetHints":{"allow":["GET"]}}],"collection":[{"href":"https:\/\/www.ozmartinko.sk\/index.php\/wp-json\/wp\/v2\/pages"}],"about":[{"href":"https:\/\/www.ozmartinko.sk\/index.php\/wp-json\/wp\/v2\/types\/page"}],"author":[{"embeddable":true,"href":"https:\/\/www.ozmartinko.sk\/index.php\/wp-json\/wp\/v2\/users\/1"}],"replies":[{"embeddable":true,"href":"https:\/\/www.ozmartinko.sk\/index.php\/wp-json\/wp\/v2\/comments?post=13"}],"version-history":[{"count":3,"href":"https:\/\/www.ozmartinko.sk\/index.php\/wp-json\/wp\/v2\/pages\/13\/revisions"}],"predecessor-version":[{"id":295,"href":"https:\/\/www.ozmartinko.sk\/index.php\/wp-json\/wp\/v2\/pages\/13\/revisions\/295"}],"up":[{"embeddable":true,"href":"https:\/\/www.ozmartinko.sk\/index.php\/wp-json\/wp\/v2\/pages\/8"}],"wp:featuredmedia":[{"embeddable":true,"href":"https:\/\/www.ozmartinko.sk\/index.php\/wp-json\/wp\/v2\/media\/293"}],"wp:attachment":[{"href":"https:\/\/www.ozmartinko.sk\/index.php\/wp-json\/wp\/v2\/media?parent=13"}],"curies":[{"name":"wp","href":"https:\/\/api.w.org\/{rel}","templated":true}]}}