{"id":30,"date":"2019-03-06T20:47:36","date_gmt":"2019-03-06T20:47:36","guid":{"rendered":"https:\/\/www.ozmartinko.sk\/?page_id=30"},"modified":"2024-09-19T11:53:16","modified_gmt":"2024-09-19T10:53:16","slug":"bankovy-prevod","status":"publish","type":"page","link":"https:\/\/www.ozmartinko.sk\/index.php\/bankovy-prevod\/","title":{"rendered":"Bankov\u00fd prevod"},"content":{"rendered":"\n<p>Jednor\u00e1zov\u00fd alebo pravideln\u00fd dar pouk\u00e1za\u0165 na n\u00e1\u0161 \u00fa\u010det viete zrealizova\u0165 na z\u00e1klade dole uveden\u00fdch \u00fadajov.<\/p>\n\n\n\n<p>\u010c\u00edslo \u00fa\u010dtu IBAN: <\/p>\n\n\n\n<p>SK5709000000005150424661<\/p>\n\n\n\n<p>\u010eakujeme.<\/p>\n","protected":false},"excerpt":{"rendered":"<p>Jednor\u00e1zov\u00fd alebo pravideln\u00fd dar pouk\u00e1za\u0165 na n\u00e1\u0161 \u00fa\u010det viete zrealizova\u0165 na z\u00e1klade dole uveden\u00fdch \u00fadajov. \u010c\u00edslo \u00fa\u010dtu IBAN: SK5709000000005150424661 \u010eakujeme.<\/p>\n","protected":false},"author":1,"featured_media":293,"parent":0,"menu_order":0,"comment_status":"closed","ping_status":"closed","template":"","meta":{"footnotes":""},"class_list":["post-30","page","type-page","status-publish","has-post-thumbnail","hentry"],"_links":{"self":[{"href":"https:\/\/www.ozmartinko.sk\/index.php\/wp-json\/wp\/v2\/pages\/30","targetHints":{"allow":["GET"]}}],"collection":[{"href":"https:\/\/www.ozmartinko.sk\/index.php\/wp-json\/wp\/v2\/pages"}],"about":[{"href":"https:\/\/www.ozmartinko.sk\/index.php\/wp-json\/wp\/v2\/types\/page"}],"author":[{"embeddable":true,"href":"https:\/\/www.ozmartinko.sk\/index.php\/wp-json\/wp\/v2\/users\/1"}],"replies":[{"embeddable":true,"href":"https:\/\/www.ozmartinko.sk\/index.php\/wp-json\/wp\/v2\/comments?post=30"}],"version-history":[{"count":2,"href":"https:\/\/www.ozmartinko.sk\/index.php\/wp-json\/wp\/v2\/pages\/30\/revisions"}],"predecessor-version":[{"id":87,"href":"https:\/\/www.ozmartinko.sk\/index.php\/wp-json\/wp\/v2\/pages\/30\/revisions\/87"}],"wp:featuredmedia":[{"embeddable":true,"href":"https:\/\/www.ozmartinko.sk\/index.php\/wp-json\/wp\/v2\/media\/293"}],"wp:attachment":[{"href":"https:\/\/www.ozmartinko.sk\/index.php\/wp-json\/wp\/v2\/media?parent=30"}],"curies":[{"name":"wp","href":"https:\/\/api.w.org\/{rel}","templated":true}]}}