{"id":5,"date":"2019-03-06T20:42:51","date_gmt":"2019-03-06T20:42:51","guid":{"rendered":"https:\/\/www.ozmartinko.sk\/?page_id=5"},"modified":"2024-09-19T12:38:57","modified_gmt":"2024-09-19T11:38:57","slug":"o-nas","status":"publish","type":"page","link":"https:\/\/www.ozmartinko.sk\/index.php\/o-nas\/","title":{"rendered":"O n\u00e1s"},"content":{"rendered":"\n<p><strong>V\u00edtame V\u00e1s na na\u0161ej novej str\u00e1nke ob\u010dianskeho zdru\u017eenia Martinko, ktor\u00e9 pom\u00e1ha Martinkovi.<\/strong> <\/p>\n\n\n<div class=\"wp-block-image\">\n<figure class=\"alignleft size-large is-resized\"><img loading=\"lazy\" decoding=\"async\" src=\"https:\/\/www.ozmartinko.sk\/wp-content\/uploads\/2021\/08\/obrazok-vozik-puk-mensi-993x1024.png\" alt=\"\" class=\"wp-image-200\" width=\"373\" height=\"385\" srcset=\"https:\/\/www.ozmartinko.sk\/wp-content\/uploads\/2021\/08\/obrazok-vozik-puk-mensi-993x1024.png 993w, https:\/\/www.ozmartinko.sk\/wp-content\/uploads\/2021\/08\/obrazok-vozik-puk-mensi-291x300.png 291w, https:\/\/www.ozmartinko.sk\/wp-content\/uploads\/2021\/08\/obrazok-vozik-puk-mensi-768x792.png 768w, https:\/\/www.ozmartinko.sk\/wp-content\/uploads\/2021\/08\/obrazok-vozik-puk-mensi-1489x1536.png 1489w, https:\/\/www.ozmartinko.sk\/wp-content\/uploads\/2021\/08\/obrazok-vozik-puk-mensi.png 1879w\" sizes=\"auto, (max-width: 373px) 100vw, 373px\" \/><\/figure>\n<\/div>\n\n\n<p><strong>Martinko je usmievav\u00fd chlapec, ktor\u00fd sa narodil s po\u0161kodenou miechou. Nekomunikuje s no\u017ei\u010dkami a je inkontinentn\u00fd. Je odk\u00e1zan\u00fd na invalidn\u00fd voz\u00ed\u010dek. Napriek svojmu hendikepu m\u00e1 st\u00e1le \u00fasmev na tv\u00e1ri a\u00a0t\u00fato svoju pozit\u00edvnu energiu v\u0161etk\u00fdm naokolo s\u00a0rados\u0165ou rozd\u00e1va. Kto ho stretne, m\u00e1 zaru\u010dene par\u00e1dny zbytok d\u0148a.<\/strong><\/p>\n\n\n\n<p><strong>Jeho ve\u013ek\u00fdm snom je sta\u0165 sa \u00faspe\u0161n\u00fdm \u0161portovcom. M\u00e1 r\u00e1d futbal, basketbal, ale zo v\u0161etk\u00e9ho najviac miluje \u013eadov\u00fd hokej. Nie je d\u0148a, kedy by nelietal hore dole s\u00a0hokejkou a\u00a0pukom, pr\u00edpadne hokejbalovou lopti\u010dkou. Aj v\u010faka SPV a\u00a0Parahokej Slovensko mohol prv\u00fdkr\u00e1t sedie\u0165 v\u00a0parahokejov\u00fdch s\u00e1nkach a\u00a0u\u017e\u00edva\u0165 si svoj prv\u00fd tr\u00e9ning. Od vtedy o\u00a0ni\u010dom inom nehovor\u00ed, len ako sa te\u0161\u00ed na \u010fal\u0161\u00ed tr\u00e9ning.<\/strong><\/p>\n\n\n\n<p><strong>Rob\u00edme v\u0161etko preto, aby sa mu jeho ve\u013ek\u00fd sen raz splnil. Av\u0161ak, aby Martinko mohol dosiahnu\u0165 svoj cie\u013e, je potrebn\u00e9 absolvova\u0165 r\u00f4zne terapie, rehabilit\u00e1cie a zabezpe\u010di\u0165 mu \u0161peci\u00e1lne pom\u00f4cky. To si vy\u017eaduje nemal\u00e9 finan\u010dn\u00e9 prostriedky, ktor\u00e9 nevieme zabezpe\u010di\u0165 iba z vlastn\u00fdch zdrojov.<\/strong><\/p>\n\n\n\n<p><\/p>\n\n\n\n<p><strong>Aj ke\u010f je Martinko hendikepovan\u00fd a&nbsp;starostlivos\u0165 o&nbsp;neho je n\u00e1ro\u010dnej\u0161ia, ve\u013emi sa te\u0161\u00edme, \u017ee ho m\u00e1me a&nbsp;\u017ee n\u00e1m rob\u00ed st\u00e1le rados\u0165.<\/strong><\/p>\n","protected":false},"excerpt":{"rendered":"<p>V\u00edtame V\u00e1s na na\u0161ej novej str\u00e1nke ob\u010dianskeho zdru\u017eenia Martinko, ktor\u00e9 pom\u00e1ha Martinkovi. Martinko je usmievav\u00fd chlapec, ktor\u00fd sa narodil s po\u0161kodenou miechou. Nekomunikuje s no\u017ei\u010dkami [&hellip;]<\/p>\n","protected":false},"author":1,"featured_media":200,"parent":0,"menu_order":0,"comment_status":"closed","ping_status":"open","template":"page-template\/custom-home-page.php","meta":{"footnotes":""},"class_list":["post-5","page","type-page","status-publish","has-post-thumbnail","hentry"],"_links":{"self":[{"href":"https:\/\/www.ozmartinko.sk\/index.php\/wp-json\/wp\/v2\/pages\/5","targetHints":{"allow":["GET"]}}],"collection":[{"href":"https:\/\/www.ozmartinko.sk\/index.php\/wp-json\/wp\/v2\/pages"}],"about":[{"href":"https:\/\/www.ozmartinko.sk\/index.php\/wp-json\/wp\/v2\/types\/page"}],"author":[{"embeddable":true,"href":"https:\/\/www.ozmartinko.sk\/index.php\/wp-json\/wp\/v2\/users\/1"}],"replies":[{"embeddable":true,"href":"https:\/\/www.ozmartinko.sk\/index.php\/wp-json\/wp\/v2\/comments?post=5"}],"version-history":[{"count":8,"href":"https:\/\/www.ozmartinko.sk\/index.php\/wp-json\/wp\/v2\/pages\/5\/revisions"}],"predecessor-version":[{"id":227,"href":"https:\/\/www.ozmartinko.sk\/index.php\/wp-json\/wp\/v2\/pages\/5\/revisions\/227"}],"wp:featuredmedia":[{"embeddable":true,"href":"https:\/\/www.ozmartinko.sk\/index.php\/wp-json\/wp\/v2\/media\/200"}],"wp:attachment":[{"href":"https:\/\/www.ozmartinko.sk\/index.php\/wp-json\/wp\/v2\/media?parent=5"}],"curies":[{"name":"wp","href":"https:\/\/api.w.org\/{rel}","templated":true}]}}