{"id":6,"date":"2019-03-06T20:32:18","date_gmt":"2019-03-06T20:32:18","guid":{"rendered":"https:\/\/www.ozmartinko.sk\/?page_id=6"},"modified":"2024-10-01T13:14:37","modified_gmt":"2024-10-01T12:14:37","slug":"novinky","status":"publish","type":"page","link":"https:\/\/www.ozmartinko.sk\/index.php\/novinky\/","title":{"rendered":"Novinky"},"content":{"rendered":"\n<p>V\u0161etko podstatn\u00e9 n\u00e1jdete <a href=\"https:\/\/www.ozmartinko.sk\/\">>>>TU&lt;&lt;&lt;<\/a><\/p>\n","protected":false},"excerpt":{"rendered":"<p>V\u0161etko podstatn\u00e9 n\u00e1jdete >>>TU&lt;&lt;&lt;<\/p>\n","protected":false},"author":1,"featured_media":90,"parent":0,"menu_order":0,"comment_status":"closed","ping_status":"open","template":"","meta":{"footnotes":""},"class_list":["post-6","page","type-page","status-publish","has-post-thumbnail","hentry"],"_links":{"self":[{"href":"https:\/\/www.ozmartinko.sk\/index.php\/wp-json\/wp\/v2\/pages\/6","targetHints":{"allow":["GET"]}}],"collection":[{"href":"https:\/\/www.ozmartinko.sk\/index.php\/wp-json\/wp\/v2\/pages"}],"about":[{"href":"https:\/\/www.ozmartinko.sk\/index.php\/wp-json\/wp\/v2\/types\/page"}],"author":[{"embeddable":true,"href":"https:\/\/www.ozmartinko.sk\/index.php\/wp-json\/wp\/v2\/users\/1"}],"replies":[{"embeddable":true,"href":"https:\/\/www.ozmartinko.sk\/index.php\/wp-json\/wp\/v2\/comments?post=6"}],"version-history":[{"count":2,"href":"https:\/\/www.ozmartinko.sk\/index.php\/wp-json\/wp\/v2\/pages\/6\/revisions"}],"predecessor-version":[{"id":352,"href":"https:\/\/www.ozmartinko.sk\/index.php\/wp-json\/wp\/v2\/pages\/6\/revisions\/352"}],"wp:featuredmedia":[{"embeddable":true,"href":"https:\/\/www.ozmartinko.sk\/index.php\/wp-json\/wp\/v2\/media\/90"}],"wp:attachment":[{"href":"https:\/\/www.ozmartinko.sk\/index.php\/wp-json\/wp\/v2\/media?parent=6"}],"curies":[{"name":"wp","href":"https:\/\/api.w.org\/{rel}","templated":true}]}}