{"id":8,"date":"2019-03-06T20:42:39","date_gmt":"2019-03-06T20:42:39","guid":{"rendered":"https:\/\/www.ozmartinko.sk\/?page_id=8"},"modified":"2024-09-19T12:41:04","modified_gmt":"2024-09-19T11:41:04","slug":"ako-mozem-pomoct","status":"publish","type":"page","link":"https:\/\/www.ozmartinko.sk\/index.php\/ako-mozem-pomoct\/","title":{"rendered":"Ako mo\u017eem pom\u00f4c\u0165"},"content":{"rendered":"\n<p>Pomoc potrebuj\u00fa v\u0161etci. Nie v\u017edy to musia by\u0165 peniaze. Ka\u017ed\u00fd z n\u00e1s je jedine\u010dn\u00fd a rovnako aj na\u0161a schopnos\u0165 pom\u00e1ha\u0165. K cie\u013eu sa d\u00e1 dosta\u0165 r\u00f4znymi cestami. \u010casto ochota pom\u00f4c\u0165 je t\u00e1 najkrat\u0161ia cesta.<\/p>\n","protected":false},"excerpt":{"rendered":"<p>Pomoc potrebuj\u00fa v\u0161etci. Nie v\u017edy to musia by\u0165 peniaze. Ka\u017ed\u00fd z n\u00e1s je jedine\u010dn\u00fd a rovnako aj na\u0161a schopnos\u0165 pom\u00e1ha\u0165. K cie\u013eu sa d\u00e1 dosta\u0165 [&hellip;]<\/p>\n","protected":false},"author":1,"featured_media":293,"parent":0,"menu_order":0,"comment_status":"closed","ping_status":"open","template":"","meta":{"footnotes":""},"class_list":["post-8","page","type-page","status-publish","has-post-thumbnail","hentry"],"_links":{"self":[{"href":"https:\/\/www.ozmartinko.sk\/index.php\/wp-json\/wp\/v2\/pages\/8","targetHints":{"allow":["GET"]}}],"collection":[{"href":"https:\/\/www.ozmartinko.sk\/index.php\/wp-json\/wp\/v2\/pages"}],"about":[{"href":"https:\/\/www.ozmartinko.sk\/index.php\/wp-json\/wp\/v2\/types\/page"}],"author":[{"embeddable":true,"href":"https:\/\/www.ozmartinko.sk\/index.php\/wp-json\/wp\/v2\/users\/1"}],"replies":[{"embeddable":true,"href":"https:\/\/www.ozmartinko.sk\/index.php\/wp-json\/wp\/v2\/comments?post=8"}],"version-history":[{"count":1,"href":"https:\/\/www.ozmartinko.sk\/index.php\/wp-json\/wp\/v2\/pages\/8\/revisions"}],"predecessor-version":[{"id":26,"href":"https:\/\/www.ozmartinko.sk\/index.php\/wp-json\/wp\/v2\/pages\/8\/revisions\/26"}],"wp:featuredmedia":[{"embeddable":true,"href":"https:\/\/www.ozmartinko.sk\/index.php\/wp-json\/wp\/v2\/media\/293"}],"wp:attachment":[{"href":"https:\/\/www.ozmartinko.sk\/index.php\/wp-json\/wp\/v2\/media?parent=8"}],"curies":[{"name":"wp","href":"https:\/\/api.w.org\/{rel}","templated":true}]}}